{"id":771,"date":"2025-12-30T02:02:05","date_gmt":"2025-12-30T02:02:05","guid":{"rendered":"https:\/\/custompapertubeboxes.com\/?post_type=product&#038;p=771"},"modified":"2025-12-30T02:02:05","modified_gmt":"2025-12-30T02:02:05","slug":"free-sample-tea-cylinder-paper-box-airtight-food-grade-packaging-tube-can-paper-tea-canister","status":"publish","type":"product","link":"https:\/\/custompapertubeboxes.com\/pt\/free-sample-tea-cylinder-paper-box-airtight-food-grade-packaging-tube-can-paper-tea-canister\/","title":{"rendered":"Caixa de papel de cilindro de ch\u00e1 de amostra gr\u00e1tis, lata de tubo de embalagem herm\u00e9tica de grau aliment\u00edcio, lata de ch\u00e1 de papel"},"content":{"rendered":"<p>caixa de papel de cilindro de ch\u00e1 de amostra gr\u00e1tis, lata de tubo de embalagem herm\u00e9tica de qualidade alimentar, a lata de ch\u00e1 de papel \u00e9 feita para manter o aroma onde ele pertence - dentro do tubo. a estrutura de papel r\u00edgido de 800 g\/m\u00b2 mant\u00e9m a sua forma, enquanto o papel art\u00edstico de 125 g\/m\u00b2 envolve o exterior para uma impress\u00e3o offset suave. a estampagem a quente adiciona detalhes de folhas brilhantes que parecem festivos sem parecerem exagerados. A lamina\u00e7\u00e3o mate d\u00e1 um acabamento suave e de boutique e ajuda a resistir aos arranh\u00f5es durante o transporte. Com um tamanho de 5\u00d710 cm, \u00e9 ideal para conjuntos de amostras, ch\u00e1 de folhas soltas, saquetas de matcha ou pequenos snacks.<\/p>","protected":false},"excerpt":{"rendered":"<p>Caixa de papel de cilindro de ch\u00e1 de amostra gr\u00e1tis, lata de tubo de embalagem herm\u00e9tica de qualidade alimentar, lata de ch\u00e1 de papel: Tubo r\u00edgido de 5\u00d710 cm com lamina\u00e7\u00e3o mate, impress\u00e3o n\u00edtida e folhas de folha de ouro para uma frescura presente\u00e1vel.<\/p>","protected":false},"featured_media":777,"template":"","meta":{"_gspb_post_css":""},"product_brand":[],"product_cat":[20,22],"product_tag":[514,515,209,516,517,513],"class_list":{"0":"post-771","1":"product","2":"type-product","3":"status-publish","4":"has-post-thumbnail","6":"product_cat-food-paper-tubes","7":"product_cat-tea-paper-tubes","8":"product_tag-airtight-tea-tube-packaging","9":"product_tag-cylinder-tea-box","10":"product_tag-food-grade-paper-tube","11":"product_tag-hot-foil-stamped-tea-can","12":"product_tag-matte-laminated-paper-canister","13":"product_tag-tea-paper-canister","15":"first","16":"instock","17":"shipping-taxable","18":"product-type-simple"},"_links":{"self":[{"href":"https:\/\/custompapertubeboxes.com\/pt\/wp-json\/wp\/v2\/product\/771","targetHints":{"allow":["GET"]}}],"collection":[{"href":"https:\/\/custompapertubeboxes.com\/pt\/wp-json\/wp\/v2\/product"}],"about":[{"href":"https:\/\/custompapertubeboxes.com\/pt\/wp-json\/wp\/v2\/types\/product"}],"wp:featuredmedia":[{"embeddable":true,"href":"https:\/\/custompapertubeboxes.com\/pt\/wp-json\/wp\/v2\/media\/777"}],"wp:attachment":[{"href":"https:\/\/custompapertubeboxes.com\/pt\/wp-json\/wp\/v2\/media?parent=771"}],"wp:term":[{"taxonomy":"product_brand","embeddable":true,"href":"https:\/\/custompapertubeboxes.com\/pt\/wp-json\/wp\/v2\/product_brand?post=771"},{"taxonomy":"product_cat","embeddable":true,"href":"https:\/\/custompapertubeboxes.com\/pt\/wp-json\/wp\/v2\/product_cat?post=771"},{"taxonomy":"product_tag","embeddable":true,"href":"https:\/\/custompapertubeboxes.com\/pt\/wp-json\/wp\/v2\/product_tag?post=771"}],"curies":[{"name":"wp","href":"https:\/\/api.w.org\/{rel}","templated":true}]}}