{"id":870,"date":"2025-12-30T02:50:35","date_gmt":"2025-12-30T02:50:35","guid":{"rendered":"https:\/\/custompapertubeboxes.com\/?post_type=product&#038;p=870"},"modified":"2025-12-30T02:50:36","modified_gmt":"2025-12-30T02:50:36","slug":"full-recyclable-custom-whiskey-paper-tube-packaging-solution","status":"publish","type":"product","link":"https:\/\/custompapertubeboxes.com\/pt\/full-recyclable-custom-whiskey-paper-tube-packaging-solution\/","title":{"rendered":"Solu\u00e7\u00e3o de embalagem de tubo de papel para u\u00edsque totalmente recicl\u00e1vel e personalizada"},"content":{"rendered":"<p>o tubo de papel r\u00edgido protege o vidro durante o transporte e a exposi\u00e7\u00e3o, enquanto a lamina\u00e7\u00e3o brilhante aumenta a profundidade da cor e d\u00e1 \u00e0 embalagem um brilho brilhante e de primeira qualidade. uma janela de pvc transparente aumenta a confian\u00e7a no retalho, permitindo que os compradores vejam a garrafa no interior sem quebrar o selo. a tampa e a tampa de folha de Flandres de metal refor\u00e7am a estrutura, ajudam o tubo a assentar na horizontal e adicionam peso na m\u00e3o - uma forma f\u00e1cil de aumentar o valor percebido para as bebidas espirituosas. ideal para u\u00edsque, rum, gin ou lan\u00e7amentos limitados. personalize o tamanho, a arte, a forma da janela e as inser\u00e7\u00f5es para um ajuste perfeito e pronto a oferecer.<\/p>","protected":false},"excerpt":{"rendered":"<p>solu\u00e7\u00e3o de embalagem em tubo de papel para u\u00edsque totalmente recicl\u00e1vel e personalizada: tubo de papel brilhante com tampa e base em folha de Flandres e uma janela em pvc transparente, para que os clientes possam ver a garrafa enquanto esta se mant\u00e9m protegida.<\/p>","protected":false},"featured_media":873,"template":"","meta":{"_gspb_post_css":""},"product_brand":[],"product_cat":[20,26],"product_tag":[567,216,566,564,565,563],"class_list":{"0":"post-870","1":"product","2":"type-product","3":"status-publish","4":"has-post-thumbnail","6":"product_cat-food-paper-tubes","7":"product_cat-spirits-wine-paper-tubes","8":"product_tag-custom-liquor-tube-box","9":"product_tag-glossy-laminated-tube","10":"product_tag-pvc-window-tube-packaging","11":"product_tag-recyclable-spirits-tube-box","12":"product_tag-tinplate-lid-cylinder-box","13":"product_tag-whiskey-paper-tube-packaging","15":"first","16":"instock","17":"shipping-taxable","18":"product-type-simple"},"_links":{"self":[{"href":"https:\/\/custompapertubeboxes.com\/pt\/wp-json\/wp\/v2\/product\/870","targetHints":{"allow":["GET"]}}],"collection":[{"href":"https:\/\/custompapertubeboxes.com\/pt\/wp-json\/wp\/v2\/product"}],"about":[{"href":"https:\/\/custompapertubeboxes.com\/pt\/wp-json\/wp\/v2\/types\/product"}],"wp:featuredmedia":[{"embeddable":true,"href":"https:\/\/custompapertubeboxes.com\/pt\/wp-json\/wp\/v2\/media\/873"}],"wp:attachment":[{"href":"https:\/\/custompapertubeboxes.com\/pt\/wp-json\/wp\/v2\/media?parent=870"}],"wp:term":[{"taxonomy":"product_brand","embeddable":true,"href":"https:\/\/custompapertubeboxes.com\/pt\/wp-json\/wp\/v2\/product_brand?post=870"},{"taxonomy":"product_cat","embeddable":true,"href":"https:\/\/custompapertubeboxes.com\/pt\/wp-json\/wp\/v2\/product_cat?post=870"},{"taxonomy":"product_tag","embeddable":true,"href":"https:\/\/custompapertubeboxes.com\/pt\/wp-json\/wp\/v2\/product_tag?post=870"}],"curies":[{"name":"wp","href":"https:\/\/api.w.org\/{rel}","templated":true}]}}