{"id":899,"date":"2025-12-30T03:05:21","date_gmt":"2025-12-30T03:05:21","guid":{"rendered":"https:\/\/custompapertubeboxes.com\/?post_type=product&#038;p=899"},"modified":"2025-12-30T03:05:21","modified_gmt":"2025-12-30T03:05:21","slug":"custom-black-cardboard-tube-box-for-candle-packaging-candle-paper-tube-packaging","status":"publish","type":"product","link":"https:\/\/custompapertubeboxes.com\/pt\/custom-black-cardboard-tube-box-for-candle-packaging-candle-paper-tube-packaging\/","title":{"rendered":"Caixa de tubo de cart\u00e3o preto personalizada para embalagem de velas, embalagem de tubo de papel para velas"},"content":{"rendered":"<p>a caixa tubular de cart\u00e3o preta personalizada para embalagem de velas foi concebida para manter a sua vela segura e causar uma primeira impress\u00e3o intencional. constru\u00edda com papel r\u00edgido de 800 g\/m\u00b2 e envolvida em papel art\u00edstico de 125 g\/m\u00b2, o cilindro mant\u00e9m a forma e protege o vidro de choques no caminho para os clientes. o tamanho de 10*12 cm adapta-se a muitos frascos de velas normais, enquanto a tampa de eleva\u00e7\u00e3o fecha de forma limpa para exposi\u00e7\u00e3o a retalho e oferta. A impress\u00e3o em offset mant\u00e9m os detalhes n\u00edtidos e a estampagem a quente acrescenta um brilho contido que se l\u00ea de forma premium sob a ilumina\u00e7\u00e3o da loja. a lamina\u00e7\u00e3o mate termina a superf\u00edcie com um aspeto de toque suave que resiste a arranh\u00f5es e impress\u00f5es digitais. personalize o trabalho art\u00edstico, a cor da folha de alum\u00ednio e as inser\u00e7\u00f5es para corresponder \u00e0 sua hist\u00f3ria de aromas e ao tom da marca.<\/p>","protected":false},"excerpt":{"rendered":"<p>A caixa tubular de cart\u00e3o preta personalizada para embalagem de velas utiliza papel r\u00edgido e uma tampa de eleva\u00e7\u00e3o confort\u00e1vel para proteger os frascos de velas. A lamina\u00e7\u00e3o mate e a estampagem a quente d\u00e3o um acabamento calmo e de qualidade superior.<\/p>","protected":false},"featured_media":902,"template":"","meta":{"_gspb_post_css":""},"product_brand":[],"product_cat":[17],"product_tag":[484,578,579,274,118,545],"class_list":{"0":"post-899","1":"product","2":"type-product","3":"status-publish","4":"has-post-thumbnail","6":"product_cat-candle-paper-tubes","7":"product_tag-black-cardboard-tube-box","8":"product_tag-candle-paper-tube-packaging","9":"product_tag-custom-printed-candle-tube","10":"product_tag-hot-foil-stamped-tube","11":"product_tag-luxury-candle-packaging","12":"product_tag-matte-laminated-cylinder-box","14":"first","15":"instock","16":"shipping-taxable","17":"product-type-simple"},"_links":{"self":[{"href":"https:\/\/custompapertubeboxes.com\/pt\/wp-json\/wp\/v2\/product\/899","targetHints":{"allow":["GET"]}}],"collection":[{"href":"https:\/\/custompapertubeboxes.com\/pt\/wp-json\/wp\/v2\/product"}],"about":[{"href":"https:\/\/custompapertubeboxes.com\/pt\/wp-json\/wp\/v2\/types\/product"}],"wp:featuredmedia":[{"embeddable":true,"href":"https:\/\/custompapertubeboxes.com\/pt\/wp-json\/wp\/v2\/media\/902"}],"wp:attachment":[{"href":"https:\/\/custompapertubeboxes.com\/pt\/wp-json\/wp\/v2\/media?parent=899"}],"wp:term":[{"taxonomy":"product_brand","embeddable":true,"href":"https:\/\/custompapertubeboxes.com\/pt\/wp-json\/wp\/v2\/product_brand?post=899"},{"taxonomy":"product_cat","embeddable":true,"href":"https:\/\/custompapertubeboxes.com\/pt\/wp-json\/wp\/v2\/product_cat?post=899"},{"taxonomy":"product_tag","embeddable":true,"href":"https:\/\/custompapertubeboxes.com\/pt\/wp-json\/wp\/v2\/product_tag?post=899"}],"curies":[{"name":"wp","href":"https:\/\/api.w.org\/{rel}","templated":true}]}}